{"id":12049,"date":"2023-09-21T16:14:35","date_gmt":"2023-09-21T19:14:35","guid":{"rendered":"https:\/\/25.scielo.org\/?page_id=12049"},"modified":"2023-09-21T16:16:35","modified_gmt":"2023-09-21T19:16:35","slug":"pedro-a-urra-gonzalez","status":"publish","type":"page","link":"https:\/\/25.scielo.org\/es\/honor\/pedro-a-urra-gonzalez\/","title":{"rendered":"Pedro A. Urra Gonz\u00e1lez"},"content":{"rendered":"\t\t<div data-elementor-type=\"wp-page\" data-elementor-id=\"12049\" class=\"elementor elementor-12049\" data-elementor-post-type=\"page\">\n\t\t\t\t\t\t<section class=\"elementor-section elementor-top-section elementor-element elementor-element-14ff056 elementor-section-full_width elementor-section-height-default elementor-section-height-default\" data-id=\"14ff056\" data-element_type=\"section\" data-e-type=\"section\" data-settings=\"{&quot;grandconference_ext_is_background_parallax&quot;:&quot;false&quot;,&quot;grandconference_ext_is_background_on_scroll&quot;:&quot;false&quot;}\">\n\t\t\t\t\t\t<div class=\"elementor-container elementor-column-gap-default\">\n\t\t\t\t\t<div class=\"elementor-column elementor-col-100 elementor-top-column elementor-element elementor-element-384dc2c\" data-id=\"384dc2c\" data-element_type=\"column\" data-e-type=\"column\" data-settings=\"{&quot;grandconference_ext_link_sidemenu&quot;:&quot;false&quot;,&quot;grandconference_ext_link_fullmenu&quot;:&quot;false&quot;,&quot;grandconference_ext_is_sticky&quot;:&quot;false&quot;,&quot;grandconference_ext_is_scrollme&quot;:&quot;false&quot;,&quot;grandconference_ext_is_smoove&quot;:&quot;false&quot;,&quot;grandconference_ext_is_parallax_mouse&quot;:&quot;false&quot;,&quot;grandconference_ext_is_infinite&quot;:&quot;false&quot;,&quot;grandconference_ext_is_fadeout_animation&quot;:&quot;false&quot;}\">\n\t\t\t<div class=\"elementor-widget-wrap elementor-element-populated\">\n\t\t\t\t\t\t<div class=\"elementor-element elementor-element-f389e1b elementor-widget-divider--view-line_text elementor-widget-divider--element-align-center elementor-widget elementor-widget-divider\" data-id=\"f389e1b\" data-element_type=\"widget\" data-e-type=\"widget\" data-settings=\"{&quot;grandconference_ext_link_sidemenu&quot;:&quot;false&quot;,&quot;grandconference_ext_link_fullmenu&quot;:&quot;false&quot;,&quot;grandconference_ext_is_sticky&quot;:&quot;false&quot;,&quot;grandconference_ext_is_scrollme&quot;:&quot;false&quot;,&quot;grandconference_ext_is_smoove&quot;:&quot;false&quot;,&quot;grandconference_ext_is_parallax_mouse&quot;:&quot;false&quot;,&quot;grandconference_ext_is_infinite&quot;:&quot;false&quot;,&quot;grandconference_ext_is_fadeout_animation&quot;:&quot;false&quot;}\" data-widget_type=\"divider.default\">\n\t\t\t\t<div class=\"elementor-widget-container\">\n\t\t\t\t\t\t\t<div class=\"elementor-divider\">\n\t\t\t<span class=\"elementor-divider-separator\">\n\t\t\t\t\t\t\t<p class=\"elementor-divider__text elementor-divider__element\">\n\t\t\t\tHonores | Pedro A. Urra Gonz\u00e1lez\t\t\t\t<\/p>\n\t\t\t\t\t\t<\/span>\n\t\t<\/div>\n\t\t\t\t\t\t<\/div>\n\t\t\t\t<\/div>\n\t\t\t\t<div class=\"elementor-element elementor-element-a86eccc elementor-widget elementor-widget-text-editor\" data-id=\"a86eccc\" data-element_type=\"widget\" data-e-type=\"widget\" data-settings=\"{&quot;grandconference_ext_link_sidemenu&quot;:&quot;false&quot;,&quot;grandconference_ext_link_fullmenu&quot;:&quot;false&quot;,&quot;grandconference_ext_is_sticky&quot;:&quot;false&quot;,&quot;grandconference_ext_is_scrollme&quot;:&quot;false&quot;,&quot;grandconference_ext_is_smoove&quot;:&quot;false&quot;,&quot;grandconference_ext_is_parallax_mouse&quot;:&quot;false&quot;,&quot;grandconference_ext_is_infinite&quot;:&quot;false&quot;,&quot;grandconference_ext_is_fadeout_animation&quot;:&quot;false&quot;}\" data-widget_type=\"text-editor.default\">\n\t\t\t\t<div class=\"elementor-widget-container\">\n\t\t\t\t\t\t\t\t\t<p><a href=\"https:\/\/25.scielo.org\/wp-content\/uploads\/2023\/09\/Pedro-Urra.jpg\" target=\"_blank\" rel=\"noopener\"><img fetchpriority=\"high\" decoding=\"async\" class=\"alignleft wp-image-12052 size-full\" title=\"Pedro A. Urra Gonz\u00e1lez\" src=\"https:\/\/25.scielo.org\/wp-content\/uploads\/2023\/09\/Pedro-Urra.jpg\" alt=\"Pedro A. Urra Gonz\u00e1lez\" width=\"300\" height=\"300\" \/><\/a>Pedro A. Urra Gonz\u00e1lez es Profesor Titular e investigador auxiliar de la Facultad de Comunicaci\u00f3n de la Universidad de la Habana. Es miembro de comisiones nacionales para la informatizaci\u00f3n de la sociedad cubana en temas relacionados con Internet y colabora sistem\u00e1ticamente con instituciones y organismos nacionales en materia de informatizaci\u00f3n y redes tareas que combina con la direcci\u00f3n de Infomed.<\/p><p>Particip\u00f3 en el Beta Test internacional para la evaluaci\u00f3n de BITNIS sistema para el acceso a los bancos de datos MEDLINE de forma diferida de la National Library of Medicine de los Estados Unidos.<\/p><p>Fue fundador de Infomed, la red telem\u00e1tica de salud de Cuba y coordin\u00f3 el proyecto de la Biblioteca Virtual de Salud.<\/p><p>Fue seleccionado por el director general de la Organizaci\u00f3n Panamericana de la Salud para integrar la Comisi\u00f3n de Evaluaci\u00f3n del sistema de informaci\u00f3n de la OPS-BIREME que visit\u00f3 varios pa\u00edses de la regi\u00f3n y que se entrevist\u00f3 con autoridades nacionales de estos pa\u00edses para llevar una propuesta al director de OPS para la estrategia de informaci\u00f3n de la OPS, siendo part\u00edcipe, desde el origen, del proyecto de la Biblioteca Virtual de Salud de las Am\u00e9ricas.<\/p><p>En el a\u00f1o 2010 obtiene por selecci\u00f3n la plaza de Director de la Biblioteca Regional de Salud de Las Am\u00e9ricas (BIREME) de la Oficina Panamericana de la Salud con sede en Sao Pablo, Brasil.<\/p><p>Pero Urra particip\u00f3 y apoy\u00f3 el proyecto de la creaci\u00f3n de la red SciELO Cuba desde su inicio. Promovi\u00f3 la estructura de gobernanza y fue presidente del Comit\u00e9 Consultivo durante los 10 primeros a\u00f1os. En este per\u00edodo de tiempo foment\u00f3 el intercambio entre todas las \u00e1reas de las ciencias y el intercambio regional para avanzar en el desarrollo de los nuevos modelos de comunicaci\u00f3n cient\u00edfica.\u00a0<\/p>\t\t\t\t\t\t\t\t<\/div>\n\t\t\t\t<\/div>\n\t\t\t\t<div class=\"elementor-element elementor-element-c33e4b3 elementor-widget-divider--view-line elementor-widget elementor-widget-divider\" data-id=\"c33e4b3\" data-element_type=\"widget\" data-e-type=\"widget\" data-settings=\"{&quot;grandconference_ext_link_sidemenu&quot;:&quot;false&quot;,&quot;grandconference_ext_link_fullmenu&quot;:&quot;false&quot;,&quot;grandconference_ext_is_sticky&quot;:&quot;false&quot;,&quot;grandconference_ext_is_scrollme&quot;:&quot;false&quot;,&quot;grandconference_ext_is_smoove&quot;:&quot;false&quot;,&quot;grandconference_ext_is_parallax_mouse&quot;:&quot;false&quot;,&quot;grandconference_ext_is_infinite&quot;:&quot;false&quot;,&quot;grandconference_ext_is_fadeout_animation&quot;:&quot;false&quot;}\" data-widget_type=\"divider.default\">\n\t\t\t\t<div class=\"elementor-widget-container\">\n\t\t\t\t\t\t\t<div class=\"elementor-divider\">\n\t\t\t<span class=\"elementor-divider-separator\">\n\t\t\t\t\t\t<\/span>\n\t\t<\/div>\n\t\t\t\t\t\t<\/div>\n\t\t\t\t<\/div>\n\t\t\t\t<div class=\"elementor-element elementor-element-dd54216 elementor-widget elementor-widget-spacer\" data-id=\"dd54216\" data-element_type=\"widget\" data-e-type=\"widget\" data-settings=\"{&quot;grandconference_ext_link_sidemenu&quot;:&quot;false&quot;,&quot;grandconference_ext_link_fullmenu&quot;:&quot;false&quot;,&quot;grandconference_ext_is_sticky&quot;:&quot;false&quot;,&quot;grandconference_ext_is_scrollme&quot;:&quot;false&quot;,&quot;grandconference_ext_is_smoove&quot;:&quot;false&quot;,&quot;grandconference_ext_is_parallax_mouse&quot;:&quot;false&quot;,&quot;grandconference_ext_is_infinite&quot;:&quot;false&quot;,&quot;grandconference_ext_is_fadeout_animation&quot;:&quot;false&quot;}\" data-widget_type=\"spacer.default\">\n\t\t\t\t<div class=\"elementor-widget-container\">\n\t\t\t\t\t\t\t<div class=\"elementor-spacer\">\n\t\t\t<div class=\"elementor-spacer-inner\"><\/div>\n\t\t<\/div>\n\t\t\t\t\t\t<\/div>\n\t\t\t\t<\/div>\n\t\t\t\t\t<\/div>\n\t\t<\/div>\n\t\t\t\t\t<\/div>\n\t\t<\/section>\n\t\t\t\t<\/div>\n\t\t","protected":false},"excerpt":{"rendered":"<p>Honores | Pedro A. Urra Gonz\u00e1lez Pedro A. Urra Gonz\u00e1lez es Profesor Titular e investigador auxiliar de la Facultad de Comunicaci\u00f3n de la Universidad de la Habana. Es miembro de comisiones nacionales para la informatizaci\u00f3n de la sociedad cubana en [&hellip;]<\/p>\n","protected":false},"author":3,"featured_media":0,"parent":8908,"menu_order":0,"comment_status":"closed","ping_status":"closed","template":"","meta":{"_monsterinsights_skip_tracking":false,"_monsterinsights_sitenote_active":false,"_monsterinsights_sitenote_note":"","_monsterinsights_sitenote_category":0,"footnotes":"","_links_to":"","_links_to_target":""},"class_list":["post-12049","page","type-page","status-publish","hentry"],"_links":{"self":[{"href":"https:\/\/25.scielo.org\/es\/wp-json\/wp\/v2\/pages\/12049","targetHints":{"allow":["GET"]}}],"collection":[{"href":"https:\/\/25.scielo.org\/es\/wp-json\/wp\/v2\/pages"}],"about":[{"href":"https:\/\/25.scielo.org\/es\/wp-json\/wp\/v2\/types\/page"}],"author":[{"embeddable":true,"href":"https:\/\/25.scielo.org\/es\/wp-json\/wp\/v2\/users\/3"}],"replies":[{"embeddable":true,"href":"https:\/\/25.scielo.org\/es\/wp-json\/wp\/v2\/comments?post=12049"}],"version-history":[{"count":7,"href":"https:\/\/25.scielo.org\/es\/wp-json\/wp\/v2\/pages\/12049\/revisions"}],"predecessor-version":[{"id":12060,"href":"https:\/\/25.scielo.org\/es\/wp-json\/wp\/v2\/pages\/12049\/revisions\/12060"}],"up":[{"embeddable":true,"href":"https:\/\/25.scielo.org\/es\/wp-json\/wp\/v2\/pages\/8908"}],"wp:attachment":[{"href":"https:\/\/25.scielo.org\/es\/wp-json\/wp\/v2\/media?parent=12049"}],"curies":[{"name":"wp","href":"https:\/\/api.w.org\/{rel}","templated":true}]}}