{"id":11325,"date":"2023-09-15T14:37:49","date_gmt":"2023-09-15T17:37:49","guid":{"rendered":"https:\/\/25.scielo.org\/?page_id=11325"},"modified":"2023-09-15T14:41:32","modified_gmt":"2023-09-15T17:41:32","slug":"jorge-hernan-rodas-gauto","status":"publish","type":"page","link":"https:\/\/25.scielo.org\/es\/honor\/jorge-hernan-rodas-gauto\/","title":{"rendered":"Jorge Hern\u00e1n Rodas Gauto"},"content":{"rendered":"\t\t<div data-elementor-type=\"wp-page\" data-elementor-id=\"11325\" class=\"elementor elementor-11325\" data-elementor-post-type=\"page\">\n\t\t\t\t\t\t<section class=\"elementor-section elementor-top-section elementor-element elementor-element-2afab44 elementor-section-full_width elementor-section-height-default elementor-section-height-default\" data-id=\"2afab44\" data-element_type=\"section\" data-e-type=\"section\" data-settings=\"{&quot;grandconference_ext_is_background_parallax&quot;:&quot;false&quot;,&quot;grandconference_ext_is_background_on_scroll&quot;:&quot;false&quot;}\">\n\t\t\t\t\t\t<div class=\"elementor-container elementor-column-gap-default\">\n\t\t\t\t\t<div class=\"elementor-column elementor-col-100 elementor-top-column elementor-element elementor-element-868f1ae\" data-id=\"868f1ae\" data-element_type=\"column\" data-e-type=\"column\" data-settings=\"{&quot;grandconference_ext_link_sidemenu&quot;:&quot;false&quot;,&quot;grandconference_ext_link_fullmenu&quot;:&quot;false&quot;,&quot;grandconference_ext_is_sticky&quot;:&quot;false&quot;,&quot;grandconference_ext_is_scrollme&quot;:&quot;false&quot;,&quot;grandconference_ext_is_smoove&quot;:&quot;false&quot;,&quot;grandconference_ext_is_parallax_mouse&quot;:&quot;false&quot;,&quot;grandconference_ext_is_infinite&quot;:&quot;false&quot;,&quot;grandconference_ext_is_fadeout_animation&quot;:&quot;false&quot;}\">\n\t\t\t<div class=\"elementor-widget-wrap elementor-element-populated\">\n\t\t\t\t\t\t<div class=\"elementor-element elementor-element-2057c51 elementor-widget-divider--view-line_text elementor-widget-divider--element-align-center elementor-widget elementor-widget-divider\" data-id=\"2057c51\" data-element_type=\"widget\" data-e-type=\"widget\" data-settings=\"{&quot;grandconference_ext_link_sidemenu&quot;:&quot;false&quot;,&quot;grandconference_ext_link_fullmenu&quot;:&quot;false&quot;,&quot;grandconference_ext_is_sticky&quot;:&quot;false&quot;,&quot;grandconference_ext_is_scrollme&quot;:&quot;false&quot;,&quot;grandconference_ext_is_smoove&quot;:&quot;false&quot;,&quot;grandconference_ext_is_parallax_mouse&quot;:&quot;false&quot;,&quot;grandconference_ext_is_infinite&quot;:&quot;false&quot;,&quot;grandconference_ext_is_fadeout_animation&quot;:&quot;false&quot;}\" data-widget_type=\"divider.default\">\n\t\t\t\t<div class=\"elementor-widget-container\">\n\t\t\t\t\t\t\t<div class=\"elementor-divider\">\n\t\t\t<span class=\"elementor-divider-separator\">\n\t\t\t\t\t\t\t<p class=\"elementor-divider__text elementor-divider__element\">\n\t\t\t\tHonores | Jorge Hern\u00e1n Rodas Gauto\t\t\t\t<\/p>\n\t\t\t\t\t\t<\/span>\n\t\t<\/div>\n\t\t\t\t\t\t<\/div>\n\t\t\t\t<\/div>\n\t\t\t\t<div class=\"elementor-element elementor-element-a87c301 elementor-widget elementor-widget-text-editor\" data-id=\"a87c301\" data-element_type=\"widget\" data-e-type=\"widget\" data-settings=\"{&quot;grandconference_ext_link_sidemenu&quot;:&quot;false&quot;,&quot;grandconference_ext_link_fullmenu&quot;:&quot;false&quot;,&quot;grandconference_ext_is_sticky&quot;:&quot;false&quot;,&quot;grandconference_ext_is_scrollme&quot;:&quot;false&quot;,&quot;grandconference_ext_is_smoove&quot;:&quot;false&quot;,&quot;grandconference_ext_is_parallax_mouse&quot;:&quot;false&quot;,&quot;grandconference_ext_is_infinite&quot;:&quot;false&quot;,&quot;grandconference_ext_is_fadeout_animation&quot;:&quot;false&quot;}\" data-widget_type=\"text-editor.default\">\n\t\t\t\t<div class=\"elementor-widget-container\">\n\t\t\t\t\t\t\t\t\t<p><a href=\"https:\/\/25.scielo.org\/wp-content\/uploads\/2023\/09\/Jorge-Rodas.jpg\" target=\"_blank\" rel=\"noopener\"><img fetchpriority=\"high\" decoding=\"async\" class=\"alignleft wp-image-11328 size-full\" title=\"Jorge Hern\u00e1n Rodas Gauto\" src=\"https:\/\/25.scielo.org\/wp-content\/uploads\/2023\/09\/Jorge-Rodas.jpg\" alt=\"Jorge Hern\u00e1n Rodas Gauto\" width=\"300\" height=\"294\" \/><\/a>Jorge Hern\u00e1n Rodas Gauto es Doctor en Medicina y Cirug\u00eda de la Universidad Nacional de Asunci\u00f3n (UNA) y Especialista en Salud P\u00fablica y Administraci\u00f3n Hospitalaria. Es Profesor Asistente de Cl\u00ednica Quir\u00fargica de la Segunda C\u00e1tedra de Cl\u00ednica Quir\u00fargica de la Facultad de Ciencias M\u00e9dicas de la UMA y Profesor Asistente de Semiolog\u00eda Quir\u00fargica de la Segunda C\u00e1tedra de Cl\u00ednica Quir\u00fargica de la FCM de la UNA.<\/p><p>Bajo la direcci\u00f3n del Dr. Jorge H. Rodas, en 2007 fue lanzado al p\u00fablico SciELO Paraguay. Como Director del IICS-UNA, apoy\u00f3 en las gestiones administrativas para implementar el Proyecto Piloto SciELO Paraguay (2005-2008).<\/p><p>El Dr. Jorge H. Rodas es actualmente Presidente del C\u00edrculo Paraguayo de M\u00e9dicos.<\/p>\t\t\t\t\t\t\t\t<\/div>\n\t\t\t\t<\/div>\n\t\t\t\t<div class=\"elementor-element elementor-element-d92238a elementor-widget-divider--view-line elementor-widget elementor-widget-divider\" data-id=\"d92238a\" data-element_type=\"widget\" data-e-type=\"widget\" data-settings=\"{&quot;grandconference_ext_link_sidemenu&quot;:&quot;false&quot;,&quot;grandconference_ext_link_fullmenu&quot;:&quot;false&quot;,&quot;grandconference_ext_is_sticky&quot;:&quot;false&quot;,&quot;grandconference_ext_is_scrollme&quot;:&quot;false&quot;,&quot;grandconference_ext_is_smoove&quot;:&quot;false&quot;,&quot;grandconference_ext_is_parallax_mouse&quot;:&quot;false&quot;,&quot;grandconference_ext_is_infinite&quot;:&quot;false&quot;,&quot;grandconference_ext_is_fadeout_animation&quot;:&quot;false&quot;}\" data-widget_type=\"divider.default\">\n\t\t\t\t<div class=\"elementor-widget-container\">\n\t\t\t\t\t\t\t<div class=\"elementor-divider\">\n\t\t\t<span class=\"elementor-divider-separator\">\n\t\t\t\t\t\t<\/span>\n\t\t<\/div>\n\t\t\t\t\t\t<\/div>\n\t\t\t\t<\/div>\n\t\t\t\t<div class=\"elementor-element elementor-element-a44dcba elementor-widget elementor-widget-spacer\" data-id=\"a44dcba\" data-element_type=\"widget\" data-e-type=\"widget\" data-settings=\"{&quot;grandconference_ext_link_sidemenu&quot;:&quot;false&quot;,&quot;grandconference_ext_link_fullmenu&quot;:&quot;false&quot;,&quot;grandconference_ext_is_sticky&quot;:&quot;false&quot;,&quot;grandconference_ext_is_scrollme&quot;:&quot;false&quot;,&quot;grandconference_ext_is_smoove&quot;:&quot;false&quot;,&quot;grandconference_ext_is_parallax_mouse&quot;:&quot;false&quot;,&quot;grandconference_ext_is_infinite&quot;:&quot;false&quot;,&quot;grandconference_ext_is_fadeout_animation&quot;:&quot;false&quot;}\" data-widget_type=\"spacer.default\">\n\t\t\t\t<div class=\"elementor-widget-container\">\n\t\t\t\t\t\t\t<div class=\"elementor-spacer\">\n\t\t\t<div class=\"elementor-spacer-inner\"><\/div>\n\t\t<\/div>\n\t\t\t\t\t\t<\/div>\n\t\t\t\t<\/div>\n\t\t\t\t\t<\/div>\n\t\t<\/div>\n\t\t\t\t\t<\/div>\n\t\t<\/section>\n\t\t\t\t<\/div>\n\t\t","protected":false},"excerpt":{"rendered":"<p>Honores | Jorge Hern\u00e1n Rodas Gauto Jorge Hern\u00e1n Rodas Gauto es Doctor en Medicina y Cirug\u00eda de la Universidad Nacional de Asunci\u00f3n (UNA) y Especialista en Salud P\u00fablica y Administraci\u00f3n Hospitalaria. Es Profesor Asistente de Cl\u00ednica Quir\u00fargica de la Segunda [&hellip;]<\/p>\n","protected":false},"author":3,"featured_media":0,"parent":8908,"menu_order":0,"comment_status":"closed","ping_status":"closed","template":"","meta":{"_monsterinsights_skip_tracking":false,"_monsterinsights_sitenote_active":false,"_monsterinsights_sitenote_note":"","_monsterinsights_sitenote_category":0,"footnotes":"","_links_to":"","_links_to_target":""},"class_list":["post-11325","page","type-page","status-publish","hentry"],"_links":{"self":[{"href":"https:\/\/25.scielo.org\/es\/wp-json\/wp\/v2\/pages\/11325","targetHints":{"allow":["GET"]}}],"collection":[{"href":"https:\/\/25.scielo.org\/es\/wp-json\/wp\/v2\/pages"}],"about":[{"href":"https:\/\/25.scielo.org\/es\/wp-json\/wp\/v2\/types\/page"}],"author":[{"embeddable":true,"href":"https:\/\/25.scielo.org\/es\/wp-json\/wp\/v2\/users\/3"}],"replies":[{"embeddable":true,"href":"https:\/\/25.scielo.org\/es\/wp-json\/wp\/v2\/comments?post=11325"}],"version-history":[{"count":5,"href":"https:\/\/25.scielo.org\/es\/wp-json\/wp\/v2\/pages\/11325\/revisions"}],"predecessor-version":[{"id":11338,"href":"https:\/\/25.scielo.org\/es\/wp-json\/wp\/v2\/pages\/11325\/revisions\/11338"}],"up":[{"embeddable":true,"href":"https:\/\/25.scielo.org\/es\/wp-json\/wp\/v2\/pages\/8908"}],"wp:attachment":[{"href":"https:\/\/25.scielo.org\/es\/wp-json\/wp\/v2\/media?parent=11325"}],"curies":[{"name":"wp","href":"https:\/\/api.w.org\/{rel}","templated":true}]}}