{"id":11108,"date":"2023-09-15T11:47:41","date_gmt":"2023-09-15T14:47:41","guid":{"rendered":"https:\/\/25.scielo.org\/honor\/rosaly-favero-krzyzanowski\/"},"modified":"2023-09-15T11:50:06","modified_gmt":"2023-09-15T14:50:06","slug":"rosaly-favero-krzyzanowski","status":"publish","type":"page","link":"https:\/\/25.scielo.org\/es\/honor\/rosaly-favero-krzyzanowski\/","title":{"rendered":"Rosaly Favero Krzyzanowski"},"content":{"rendered":"\t\t<div data-elementor-type=\"wp-page\" data-elementor-id=\"11108\" class=\"elementor elementor-11108 elementor-11098\" data-elementor-post-type=\"page\">\n\t\t\t\t\t\t<section class=\"elementor-section elementor-top-section elementor-element elementor-element-9335841 elementor-section-full_width elementor-section-height-default elementor-section-height-default\" data-id=\"9335841\" data-element_type=\"section\" data-e-type=\"section\" data-settings=\"{&quot;grandconference_ext_is_background_parallax&quot;:&quot;false&quot;,&quot;grandconference_ext_is_background_on_scroll&quot;:&quot;false&quot;}\">\n\t\t\t\t\t\t<div class=\"elementor-container elementor-column-gap-default\">\n\t\t\t\t\t<div class=\"elementor-column elementor-col-100 elementor-top-column elementor-element elementor-element-8cdd045\" data-id=\"8cdd045\" data-element_type=\"column\" data-e-type=\"column\" data-settings=\"{&quot;grandconference_ext_link_sidemenu&quot;:&quot;false&quot;,&quot;grandconference_ext_link_fullmenu&quot;:&quot;false&quot;,&quot;grandconference_ext_is_sticky&quot;:&quot;false&quot;,&quot;grandconference_ext_is_scrollme&quot;:&quot;false&quot;,&quot;grandconference_ext_is_smoove&quot;:&quot;false&quot;,&quot;grandconference_ext_is_parallax_mouse&quot;:&quot;false&quot;,&quot;grandconference_ext_is_infinite&quot;:&quot;false&quot;,&quot;grandconference_ext_is_fadeout_animation&quot;:&quot;false&quot;}\">\n\t\t\t<div class=\"elementor-widget-wrap elementor-element-populated\">\n\t\t\t\t\t\t<div class=\"elementor-element elementor-element-7b9282c elementor-widget-divider--view-line_text elementor-widget-divider--element-align-center elementor-widget elementor-widget-divider\" data-id=\"7b9282c\" data-element_type=\"widget\" data-e-type=\"widget\" data-settings=\"{&quot;grandconference_ext_link_sidemenu&quot;:&quot;false&quot;,&quot;grandconference_ext_link_fullmenu&quot;:&quot;false&quot;,&quot;grandconference_ext_is_sticky&quot;:&quot;false&quot;,&quot;grandconference_ext_is_scrollme&quot;:&quot;false&quot;,&quot;grandconference_ext_is_smoove&quot;:&quot;false&quot;,&quot;grandconference_ext_is_parallax_mouse&quot;:&quot;false&quot;,&quot;grandconference_ext_is_infinite&quot;:&quot;false&quot;,&quot;grandconference_ext_is_fadeout_animation&quot;:&quot;false&quot;}\" data-widget_type=\"divider.default\">\n\t\t\t\t<div class=\"elementor-widget-container\">\n\t\t\t\t\t\t\t<div class=\"elementor-divider\">\n\t\t\t<span class=\"elementor-divider-separator\">\n\t\t\t\t\t\t\t<p class=\"elementor-divider__text elementor-divider__element\">\n\t\t\t\tHomenagens | Rosaly Favero Krzyzanowski\t\t\t\t<\/p>\n\t\t\t\t\t\t<\/span>\n\t\t<\/div>\n\t\t\t\t\t\t<\/div>\n\t\t\t\t<\/div>\n\t\t\t\t<div class=\"elementor-element elementor-element-7d1a991 elementor-widget elementor-widget-text-editor\" data-id=\"7d1a991\" data-element_type=\"widget\" data-e-type=\"widget\" data-settings=\"{&quot;grandconference_ext_link_sidemenu&quot;:&quot;false&quot;,&quot;grandconference_ext_link_fullmenu&quot;:&quot;false&quot;,&quot;grandconference_ext_is_sticky&quot;:&quot;false&quot;,&quot;grandconference_ext_is_scrollme&quot;:&quot;false&quot;,&quot;grandconference_ext_is_smoove&quot;:&quot;false&quot;,&quot;grandconference_ext_is_parallax_mouse&quot;:&quot;false&quot;,&quot;grandconference_ext_is_infinite&quot;:&quot;false&quot;,&quot;grandconference_ext_is_fadeout_animation&quot;:&quot;false&quot;}\" data-widget_type=\"text-editor.default\">\n\t\t\t\t<div class=\"elementor-widget-container\">\n\t\t\t\t\t\t\t\t\t<p><a href=\"https:\/\/25.scielo.org\/wp-content\/uploads\/2023\/09\/Rosaly-Krzyzanowski.jpg\" target=\"_blank\" rel=\"noopener\"><img fetchpriority=\"high\" decoding=\"async\" class=\"alignleft wp-image-11101 size-full\" title=\"Rosaly Favero Krzyzanowski\" src=\"https:\/\/25.scielo.org\/wp-content\/uploads\/2023\/09\/Rosaly-Krzyzanowski.jpg\" alt=\"Rosaly Favero Krzyzanowski\" width=\"300\" height=\"300\" \/><\/a>Rosaly Favero Krzyzanowski \u00e9 graduada em Biblioteconomia, tem especializa\u00e7\u00e3o em Ci\u00eancia da Informa\u00e7\u00e3o na \u00e1rea da sa\u00fade e p\u00f3s-gradua\u00e7\u00e3o em Elabora\u00e7\u00e3o de Projetos pela FIA\/FEA\/USP. Atualmente \u00e9 Assessora T\u00e9cnica da Diretoria da Presid\u00eancia do CTA\/FAPESP para a coordena\u00e7\u00e3o t\u00e9cnica do Projeto Divulga\u00e7\u00e3o Cientifica do estado de S\u00e3o Paulo, por meio da Biblioteca Virtual.<\/p><p>Contribuiu para a cria\u00e7\u00e3o do Programa SciELO junto \u00e0 FAPESP, em 1997, facilitando os entendimentos iniciais entre Abel Packer e Rog\u00e9rio Meneghini com o Diretor Cient\u00edfico da FAPESP, na \u00e9poca, Prof. Fernando Perez. Ademais, colaborou na sele\u00e7\u00e3o dos peri\u00f3dicos que formaram a cole\u00e7\u00e3o n\u00facleo do SciELO.<\/p><p>Rosaly \u00e9 especialista em Administra\u00e7\u00e3o de Bibliotecas, Sistemas de Bibliotecas, Gest\u00e3o de Projetos, Administra\u00e7\u00e3o de Cons\u00f3rcios e Avalia\u00e7\u00e3o de peri\u00f3dicos cient\u00edficos. Trabalhou na Faculdade de Odontologia da USP como Diretora T\u00e9cnica (1972-1983), criando a Rede Nacional de Informa\u00e7\u00e3o em Sa\u00fade Oral, por meio de projeto financiado pela <em>Kellogg Foundation<\/em>. Entre 1984 e 1993, passou a exercer atividade como Diretora da Divis\u00e3o de Bibliotecas do Departamento T\u00e9cnico do Sistema Integrado de Bibliotecas da USP (SIBi\/USP), contribuindo significativamente para a sua implanta\u00e7\u00e3o. Dirigiu o Departamento T\u00e9cnico do SIBi\/USP (l994-l999), liderando projetos junto \u00e0 FAPESP e \u00e0 <em>Mellon Foundation<\/em> para a moderniza\u00e7\u00e3o do Sistema Integrado de Bibliotecas da USP. Entre 2003 e 2018, implantou e coordenou o Centro de Documenta\u00e7\u00e3o e Informa\u00e7\u00e3o em C&amp;T da FAPESP e sua Biblioteca Virtual dos projetos de pesquisa financiados pela Funda\u00e7\u00e3o. \u00c9 membro da ABEC Brasil desde 1988.\u00a0<\/p>\t\t\t\t\t\t\t\t<\/div>\n\t\t\t\t<\/div>\n\t\t\t\t<div class=\"elementor-element elementor-element-80a5830 elementor-widget-divider--view-line elementor-widget elementor-widget-divider\" data-id=\"80a5830\" data-element_type=\"widget\" data-e-type=\"widget\" data-settings=\"{&quot;grandconference_ext_link_sidemenu&quot;:&quot;false&quot;,&quot;grandconference_ext_link_fullmenu&quot;:&quot;false&quot;,&quot;grandconference_ext_is_sticky&quot;:&quot;false&quot;,&quot;grandconference_ext_is_scrollme&quot;:&quot;false&quot;,&quot;grandconference_ext_is_smoove&quot;:&quot;false&quot;,&quot;grandconference_ext_is_parallax_mouse&quot;:&quot;false&quot;,&quot;grandconference_ext_is_infinite&quot;:&quot;false&quot;,&quot;grandconference_ext_is_fadeout_animation&quot;:&quot;false&quot;}\" data-widget_type=\"divider.default\">\n\t\t\t\t<div class=\"elementor-widget-container\">\n\t\t\t\t\t\t\t<div class=\"elementor-divider\">\n\t\t\t<span class=\"elementor-divider-separator\">\n\t\t\t\t\t\t<\/span>\n\t\t<\/div>\n\t\t\t\t\t\t<\/div>\n\t\t\t\t<\/div>\n\t\t\t\t<div class=\"elementor-element elementor-element-898a92e elementor-widget elementor-widget-spacer\" data-id=\"898a92e\" data-element_type=\"widget\" data-e-type=\"widget\" data-settings=\"{&quot;grandconference_ext_link_sidemenu&quot;:&quot;false&quot;,&quot;grandconference_ext_link_fullmenu&quot;:&quot;false&quot;,&quot;grandconference_ext_is_sticky&quot;:&quot;false&quot;,&quot;grandconference_ext_is_scrollme&quot;:&quot;false&quot;,&quot;grandconference_ext_is_smoove&quot;:&quot;false&quot;,&quot;grandconference_ext_is_parallax_mouse&quot;:&quot;false&quot;,&quot;grandconference_ext_is_infinite&quot;:&quot;false&quot;,&quot;grandconference_ext_is_fadeout_animation&quot;:&quot;false&quot;}\" data-widget_type=\"spacer.default\">\n\t\t\t\t<div class=\"elementor-widget-container\">\n\t\t\t\t\t\t\t<div class=\"elementor-spacer\">\n\t\t\t<div class=\"elementor-spacer-inner\"><\/div>\n\t\t<\/div>\n\t\t\t\t\t\t<\/div>\n\t\t\t\t<\/div>\n\t\t\t\t\t<\/div>\n\t\t<\/div>\n\t\t\t\t\t<\/div>\n\t\t<\/section>\n\t\t\t\t<\/div>\n\t\t","protected":false},"excerpt":{"rendered":"<p>Homenagens | Rosaly Favero Krzyzanowski Rosaly Favero Krzyzanowski \u00e9 graduada em Biblioteconomia, tem especializa\u00e7\u00e3o em Ci\u00eancia da Informa\u00e7\u00e3o na \u00e1rea da sa\u00fade e p\u00f3s-gradua\u00e7\u00e3o em Elabora\u00e7\u00e3o de Projetos pela FIA\/FEA\/USP. Atualmente \u00e9 Assessora T\u00e9cnica da Diretoria da Presid\u00eancia do CTA\/FAPESP [&hellip;]<\/p>\n","protected":false},"author":3,"featured_media":0,"parent":8908,"menu_order":0,"comment_status":"closed","ping_status":"closed","template":"","meta":{"_monsterinsights_skip_tracking":false,"_monsterinsights_sitenote_active":false,"_monsterinsights_sitenote_note":"","_monsterinsights_sitenote_category":0,"footnotes":"","_links_to":"","_links_to_target":""},"class_list":["post-11108","page","type-page","status-publish","hentry"],"_links":{"self":[{"href":"https:\/\/25.scielo.org\/es\/wp-json\/wp\/v2\/pages\/11108","targetHints":{"allow":["GET"]}}],"collection":[{"href":"https:\/\/25.scielo.org\/es\/wp-json\/wp\/v2\/pages"}],"about":[{"href":"https:\/\/25.scielo.org\/es\/wp-json\/wp\/v2\/types\/page"}],"author":[{"embeddable":true,"href":"https:\/\/25.scielo.org\/es\/wp-json\/wp\/v2\/users\/3"}],"replies":[{"embeddable":true,"href":"https:\/\/25.scielo.org\/es\/wp-json\/wp\/v2\/comments?post=11108"}],"version-history":[{"count":1,"href":"https:\/\/25.scielo.org\/es\/wp-json\/wp\/v2\/pages\/11108\/revisions"}],"predecessor-version":[{"id":11113,"href":"https:\/\/25.scielo.org\/es\/wp-json\/wp\/v2\/pages\/11108\/revisions\/11113"}],"up":[{"embeddable":true,"href":"https:\/\/25.scielo.org\/es\/wp-json\/wp\/v2\/pages\/8908"}],"wp:attachment":[{"href":"https:\/\/25.scielo.org\/es\/wp-json\/wp\/v2\/media?parent=11108"}],"curies":[{"name":"wp","href":"https:\/\/api.w.org\/{rel}","templated":true}]}}