{"id":11320,"date":"2023-09-15T14:33:20","date_gmt":"2023-09-15T17:33:20","guid":{"rendered":"https:\/\/25.scielo.org\/tribute\/hassel-jimmy-jimenez\/"},"modified":"2023-09-15T14:36:43","modified_gmt":"2023-09-15T17:36:43","slug":"hassel-jimmy-jimenez","status":"publish","type":"page","link":"https:\/\/25.scielo.org\/en\/tribute\/hassel-jimmy-jimenez\/","title":{"rendered":"Hassel Jimmy Jim\u00e9nez"},"content":{"rendered":"\t\t<div data-elementor-type=\"wp-page\" data-elementor-id=\"11320\" class=\"elementor elementor-11320 elementor-11309\" data-elementor-post-type=\"page\">\n\t\t\t\t\t\t<section class=\"elementor-section elementor-top-section elementor-element elementor-element-d932aa9 elementor-section-full_width elementor-section-height-default elementor-section-height-default\" data-id=\"d932aa9\" data-element_type=\"section\" data-e-type=\"section\" data-settings=\"{&quot;grandconference_ext_is_background_parallax&quot;:&quot;false&quot;,&quot;grandconference_ext_is_background_on_scroll&quot;:&quot;false&quot;}\">\n\t\t\t\t\t\t<div class=\"elementor-container elementor-column-gap-default\">\n\t\t\t\t\t<div class=\"elementor-column elementor-col-100 elementor-top-column elementor-element elementor-element-86dc7ec\" data-id=\"86dc7ec\" data-element_type=\"column\" data-e-type=\"column\" data-settings=\"{&quot;grandconference_ext_link_sidemenu&quot;:&quot;false&quot;,&quot;grandconference_ext_link_fullmenu&quot;:&quot;false&quot;,&quot;grandconference_ext_is_sticky&quot;:&quot;false&quot;,&quot;grandconference_ext_is_scrollme&quot;:&quot;false&quot;,&quot;grandconference_ext_is_smoove&quot;:&quot;false&quot;,&quot;grandconference_ext_is_parallax_mouse&quot;:&quot;false&quot;,&quot;grandconference_ext_is_infinite&quot;:&quot;false&quot;,&quot;grandconference_ext_is_fadeout_animation&quot;:&quot;false&quot;}\">\n\t\t\t<div class=\"elementor-widget-wrap elementor-element-populated\">\n\t\t\t\t\t\t<div class=\"elementor-element elementor-element-5881d00 elementor-widget-divider--view-line_text elementor-widget-divider--element-align-center elementor-widget elementor-widget-divider\" data-id=\"5881d00\" data-element_type=\"widget\" data-e-type=\"widget\" data-settings=\"{&quot;grandconference_ext_link_sidemenu&quot;:&quot;false&quot;,&quot;grandconference_ext_link_fullmenu&quot;:&quot;false&quot;,&quot;grandconference_ext_is_sticky&quot;:&quot;false&quot;,&quot;grandconference_ext_is_scrollme&quot;:&quot;false&quot;,&quot;grandconference_ext_is_smoove&quot;:&quot;false&quot;,&quot;grandconference_ext_is_parallax_mouse&quot;:&quot;false&quot;,&quot;grandconference_ext_is_infinite&quot;:&quot;false&quot;,&quot;grandconference_ext_is_fadeout_animation&quot;:&quot;false&quot;}\" data-widget_type=\"divider.default\">\n\t\t\t\t<div class=\"elementor-widget-container\">\n\t\t\t\t\t\t\t<div class=\"elementor-divider\">\n\t\t\t<span class=\"elementor-divider-separator\">\n\t\t\t\t\t\t\t<p class=\"elementor-divider__text elementor-divider__element\">\n\t\t\t\tHonores | Hassel Jimmy Jim\u00e9nez\t\t\t\t<\/p>\n\t\t\t\t\t\t<\/span>\n\t\t<\/div>\n\t\t\t\t\t\t<\/div>\n\t\t\t\t<\/div>\n\t\t\t\t<div class=\"elementor-element elementor-element-3acf55c elementor-widget elementor-widget-text-editor\" data-id=\"3acf55c\" data-element_type=\"widget\" data-e-type=\"widget\" data-settings=\"{&quot;grandconference_ext_link_sidemenu&quot;:&quot;false&quot;,&quot;grandconference_ext_link_fullmenu&quot;:&quot;false&quot;,&quot;grandconference_ext_is_sticky&quot;:&quot;false&quot;,&quot;grandconference_ext_is_scrollme&quot;:&quot;false&quot;,&quot;grandconference_ext_is_smoove&quot;:&quot;false&quot;,&quot;grandconference_ext_is_parallax_mouse&quot;:&quot;false&quot;,&quot;grandconference_ext_is_infinite&quot;:&quot;false&quot;,&quot;grandconference_ext_is_fadeout_animation&quot;:&quot;false&quot;}\" data-widget_type=\"text-editor.default\">\n\t\t\t\t<div class=\"elementor-widget-container\">\n\t\t\t\t\t\t\t\t\t<p><a href=\"https:\/\/25.scielo.org\/wp-content\/uploads\/2023\/09\/Hassel-Jimmy-Jimenez.jpg\" target=\"_blank\" rel=\"noopener\"><img fetchpriority=\"high\" decoding=\"async\" class=\"alignleft wp-image-11312 size-full\" title=\"Hassel Jimmy Jim\u00e9nez\" src=\"https:\/\/25.scielo.org\/wp-content\/uploads\/2023\/09\/Hassel-Jimmy-Jimenez.jpg\" alt=\"Hassel Jimmy Jim\u00e9nez\" width=\"300\" height=\"300\" \/><\/a>Hassel Jimmy Jim\u00e9nez es Magister en Educaci\u00f3n M\u00e9dica Superior y Especialista en Pediatr\u00eda. Ocupa el cargo de Profesor Titular y Jefe de la C\u00e1tedra de Cl\u00ednica Pedi\u00e1trica Facultad de Ciencias M\u00e9dicas de la Universidad Nacional de Asunci\u00f3n (FCM-UNA) y es Ex-Jefe de Departamento de la Terapia Intensiva Pedi\u00e1trica FCM-UNA y Ex- Director y Editor de la Revista Pediatr\u00eda de la Sociedad Paraguaya de Pediatr\u00eda (2004-2007). Es Jefe de la C\u00e1tedra y Servicio de Cl\u00ednica Pedi\u00e1trica del Hospital Escuela, diciembre desde 2021 y el actual Director de la Revista ANALES de la FCM-UNA.<\/p><p>El Proyecto Piloto SciELO Paraguay surge con el pedido del Prof. Dr. Jimmy Jim\u00e9nez en representaci\u00f3n de la Sociedad Paraguaya de Pediatr\u00eda, solicitando el apoyo de la OPS\/OMS Paraguay para realizar una reuni\u00f3n con una experta sobre la iniciativa SciELO promovida por la OPS\/OMS a trav\u00e9s de su Centro Latinoamericano y del Caribe de Informaci\u00f3n en Ciencias de la Salud (BIREME), en octubre de 2004. El Dr Jimmy en representaci\u00f3n de la Sociedad Paraguaya de Pediatr\u00eda, participo e invito a investigadores y editores de revistas cient\u00edficas de Paraguay para proponer la realizaci\u00f3n del Proyecto SciELO Paraguay, que se lanz\u00f3 en agosto de 2007.<\/p>\t\t\t\t\t\t\t\t<\/div>\n\t\t\t\t<\/div>\n\t\t\t\t<div class=\"elementor-element elementor-element-51575a6 elementor-widget-divider--view-line elementor-widget elementor-widget-divider\" data-id=\"51575a6\" data-element_type=\"widget\" data-e-type=\"widget\" data-settings=\"{&quot;grandconference_ext_link_sidemenu&quot;:&quot;false&quot;,&quot;grandconference_ext_link_fullmenu&quot;:&quot;false&quot;,&quot;grandconference_ext_is_sticky&quot;:&quot;false&quot;,&quot;grandconference_ext_is_scrollme&quot;:&quot;false&quot;,&quot;grandconference_ext_is_smoove&quot;:&quot;false&quot;,&quot;grandconference_ext_is_parallax_mouse&quot;:&quot;false&quot;,&quot;grandconference_ext_is_infinite&quot;:&quot;false&quot;,&quot;grandconference_ext_is_fadeout_animation&quot;:&quot;false&quot;}\" data-widget_type=\"divider.default\">\n\t\t\t\t<div class=\"elementor-widget-container\">\n\t\t\t\t\t\t\t<div class=\"elementor-divider\">\n\t\t\t<span class=\"elementor-divider-separator\">\n\t\t\t\t\t\t<\/span>\n\t\t<\/div>\n\t\t\t\t\t\t<\/div>\n\t\t\t\t<\/div>\n\t\t\t\t<div class=\"elementor-element elementor-element-418c365 elementor-widget elementor-widget-spacer\" data-id=\"418c365\" data-element_type=\"widget\" data-e-type=\"widget\" data-settings=\"{&quot;grandconference_ext_link_sidemenu&quot;:&quot;false&quot;,&quot;grandconference_ext_link_fullmenu&quot;:&quot;false&quot;,&quot;grandconference_ext_is_sticky&quot;:&quot;false&quot;,&quot;grandconference_ext_is_scrollme&quot;:&quot;false&quot;,&quot;grandconference_ext_is_smoove&quot;:&quot;false&quot;,&quot;grandconference_ext_is_parallax_mouse&quot;:&quot;false&quot;,&quot;grandconference_ext_is_infinite&quot;:&quot;false&quot;,&quot;grandconference_ext_is_fadeout_animation&quot;:&quot;false&quot;}\" data-widget_type=\"spacer.default\">\n\t\t\t\t<div class=\"elementor-widget-container\">\n\t\t\t\t\t\t\t<div class=\"elementor-spacer\">\n\t\t\t<div class=\"elementor-spacer-inner\"><\/div>\n\t\t<\/div>\n\t\t\t\t\t\t<\/div>\n\t\t\t\t<\/div>\n\t\t\t\t\t<\/div>\n\t\t<\/div>\n\t\t\t\t\t<\/div>\n\t\t<\/section>\n\t\t\t\t<\/div>\n\t\t","protected":false},"excerpt":{"rendered":"<p>Honores | Hassel Jimmy Jim\u00e9nez Hassel Jimmy Jim\u00e9nez es Magister en Educaci\u00f3n M\u00e9dica Superior y Especialista en Pediatr\u00eda. Ocupa el cargo de Profesor Titular y Jefe de la C\u00e1tedra de Cl\u00ednica Pedi\u00e1trica Facultad de Ciencias M\u00e9dicas de la Universidad Nacional [&hellip;]<\/p>\n","protected":false},"author":3,"featured_media":0,"parent":8907,"menu_order":0,"comment_status":"closed","ping_status":"closed","template":"","meta":{"_monsterinsights_skip_tracking":false,"_monsterinsights_sitenote_active":false,"_monsterinsights_sitenote_note":"","_monsterinsights_sitenote_category":0,"footnotes":"","_links_to":"","_links_to_target":""},"class_list":["post-11320","page","type-page","status-publish","hentry"],"_links":{"self":[{"href":"https:\/\/25.scielo.org\/en\/wp-json\/wp\/v2\/pages\/11320","targetHints":{"allow":["GET"]}}],"collection":[{"href":"https:\/\/25.scielo.org\/en\/wp-json\/wp\/v2\/pages"}],"about":[{"href":"https:\/\/25.scielo.org\/en\/wp-json\/wp\/v2\/types\/page"}],"author":[{"embeddable":true,"href":"https:\/\/25.scielo.org\/en\/wp-json\/wp\/v2\/users\/3"}],"replies":[{"embeddable":true,"href":"https:\/\/25.scielo.org\/en\/wp-json\/wp\/v2\/comments?post=11320"}],"version-history":[{"count":1,"href":"https:\/\/25.scielo.org\/en\/wp-json\/wp\/v2\/pages\/11320\/revisions"}],"predecessor-version":[{"id":11323,"href":"https:\/\/25.scielo.org\/en\/wp-json\/wp\/v2\/pages\/11320\/revisions\/11323"}],"up":[{"embeddable":true,"href":"https:\/\/25.scielo.org\/en\/wp-json\/wp\/v2\/pages\/8907"}],"wp:attachment":[{"href":"https:\/\/25.scielo.org\/en\/wp-json\/wp\/v2\/media?parent=11320"}],"curies":[{"name":"wp","href":"https:\/\/api.w.org\/{rel}","templated":true}]}}