{"id":11192,"date":"2023-09-15T13:46:47","date_gmt":"2023-09-15T16:46:47","guid":{"rendered":"https:\/\/25.scielo.org\/tribute\/epifania-torales\/"},"modified":"2023-09-15T13:52:30","modified_gmt":"2023-09-15T16:52:30","slug":"epifania-torales","status":"publish","type":"page","link":"https:\/\/25.scielo.org\/en\/tribute\/epifania-torales\/","title":{"rendered":"Epifania Torales"},"content":{"rendered":"\t\t<div data-elementor-type=\"wp-page\" data-elementor-id=\"11192\" class=\"elementor elementor-11192 elementor-11182\" data-elementor-post-type=\"page\">\n\t\t\t\t\t\t<section class=\"elementor-section elementor-top-section elementor-element elementor-element-e315c5f elementor-section-full_width elementor-section-height-default elementor-section-height-default\" data-id=\"e315c5f\" data-element_type=\"section\" data-e-type=\"section\" data-settings=\"{&quot;grandconference_ext_is_background_parallax&quot;:&quot;false&quot;,&quot;grandconference_ext_is_background_on_scroll&quot;:&quot;false&quot;}\">\n\t\t\t\t\t\t<div class=\"elementor-container elementor-column-gap-default\">\n\t\t\t\t\t<div class=\"elementor-column elementor-col-100 elementor-top-column elementor-element elementor-element-bc46dc1\" data-id=\"bc46dc1\" data-element_type=\"column\" data-e-type=\"column\" data-settings=\"{&quot;grandconference_ext_link_sidemenu&quot;:&quot;false&quot;,&quot;grandconference_ext_link_fullmenu&quot;:&quot;false&quot;,&quot;grandconference_ext_is_sticky&quot;:&quot;false&quot;,&quot;grandconference_ext_is_scrollme&quot;:&quot;false&quot;,&quot;grandconference_ext_is_smoove&quot;:&quot;false&quot;,&quot;grandconference_ext_is_parallax_mouse&quot;:&quot;false&quot;,&quot;grandconference_ext_is_infinite&quot;:&quot;false&quot;,&quot;grandconference_ext_is_fadeout_animation&quot;:&quot;false&quot;}\">\n\t\t\t<div class=\"elementor-widget-wrap elementor-element-populated\">\n\t\t\t\t\t\t<div class=\"elementor-element elementor-element-feda654 elementor-widget-divider--view-line_text elementor-widget-divider--element-align-center elementor-widget elementor-widget-divider\" data-id=\"feda654\" data-element_type=\"widget\" data-e-type=\"widget\" data-settings=\"{&quot;grandconference_ext_link_sidemenu&quot;:&quot;false&quot;,&quot;grandconference_ext_link_fullmenu&quot;:&quot;false&quot;,&quot;grandconference_ext_is_sticky&quot;:&quot;false&quot;,&quot;grandconference_ext_is_scrollme&quot;:&quot;false&quot;,&quot;grandconference_ext_is_smoove&quot;:&quot;false&quot;,&quot;grandconference_ext_is_parallax_mouse&quot;:&quot;false&quot;,&quot;grandconference_ext_is_infinite&quot;:&quot;false&quot;,&quot;grandconference_ext_is_fadeout_animation&quot;:&quot;false&quot;}\" data-widget_type=\"divider.default\">\n\t\t\t\t<div class=\"elementor-widget-container\">\n\t\t\t\t\t\t\t<div class=\"elementor-divider\">\n\t\t\t<span class=\"elementor-divider-separator\">\n\t\t\t\t\t\t\t<p class=\"elementor-divider__text elementor-divider__element\">\n\t\t\t\tHonores | Epifania G\u00f3mez Torales\t\t\t\t<\/p>\n\t\t\t\t\t\t<\/span>\n\t\t<\/div>\n\t\t\t\t\t\t<\/div>\n\t\t\t\t<\/div>\n\t\t\t\t<div class=\"elementor-element elementor-element-53425a2 elementor-widget elementor-widget-text-editor\" data-id=\"53425a2\" data-element_type=\"widget\" data-e-type=\"widget\" data-settings=\"{&quot;grandconference_ext_link_sidemenu&quot;:&quot;false&quot;,&quot;grandconference_ext_link_fullmenu&quot;:&quot;false&quot;,&quot;grandconference_ext_is_sticky&quot;:&quot;false&quot;,&quot;grandconference_ext_is_scrollme&quot;:&quot;false&quot;,&quot;grandconference_ext_is_smoove&quot;:&quot;false&quot;,&quot;grandconference_ext_is_parallax_mouse&quot;:&quot;false&quot;,&quot;grandconference_ext_is_infinite&quot;:&quot;false&quot;,&quot;grandconference_ext_is_fadeout_animation&quot;:&quot;false&quot;}\" data-widget_type=\"text-editor.default\">\n\t\t\t\t<div class=\"elementor-widget-container\">\n\t\t\t\t\t\t\t\t\t<p><a href=\"https:\/\/25.scielo.org\/wp-content\/uploads\/2023\/09\/Epifania-Gomez-Torales-1.jpg\" target=\"_blank\" rel=\"noopener\"><img fetchpriority=\"high\" decoding=\"async\" class=\"alignleft wp-image-11185 size-full\" title=\"Epifania G\u00f3mez Torales\" src=\"https:\/\/25.scielo.org\/wp-content\/uploads\/2023\/09\/Epifania-Gomez-Torales-1.jpg\" alt=\"Epifania G\u00f3mez Torales\" width=\"300\" height=\"300\" \/><\/a>Epifania G\u00f3mez Torales es Licenciada en Bibliotecolog\u00eda de la Universidad Nacional de Asunci\u00f3n y Especializaci\u00f3n bibliotecaria medica en San Pablo, Brasil. Ocupo en 1989 el cargo director de la Biblioteca Nacional de Salud del Ministerio de Salud P\u00fablica y Bienestar Social, acompa\u00f1ando el \u00e1rea de Investigaci\u00f3n en Salud y Bio\u00e9tica en Salud. Fue asesora de la Biblioteca Virtual Salud Paraguay Y apoyo en el Campus Virtual de Salud P\u00fablica.\u00a0 Epifania fue el principal contacto de comunicaci\u00f3n entre la coordinaci\u00f3n de SciELO Brasil y SciELO Paraguay, destac\u00e1ndose por su apoyo y acompa\u00f1amiento para llevar adelante el proyecto, entre 2004 y 2014. \u00a0<\/p><p>Actu\u00f3 como Punto Focal del Centro de Documentaci\u00f3n (K-Center) con la coordinaci\u00f3n con Gesti\u00f3n del Conocimiento (KM) de la Oficina Central de la OPS\/OMS y como Punto Focal de HINARI, programa de acceso a la Investigaci\u00f3n en Salud, administrado por la Organizaci\u00f3n Mundial de la Salud (OMS). Desempe\u00f1\u00f3 como Asesora de Gesti\u00f3n de informaci\u00f3n del Conocimiento de la OPS\/OMS en Paraguay (1990-2022).\u00a0<\/p>\t\t\t\t\t\t\t\t<\/div>\n\t\t\t\t<\/div>\n\t\t\t\t<div class=\"elementor-element elementor-element-4d1fddc elementor-widget-divider--view-line elementor-widget elementor-widget-divider\" data-id=\"4d1fddc\" data-element_type=\"widget\" data-e-type=\"widget\" data-settings=\"{&quot;grandconference_ext_link_sidemenu&quot;:&quot;false&quot;,&quot;grandconference_ext_link_fullmenu&quot;:&quot;false&quot;,&quot;grandconference_ext_is_sticky&quot;:&quot;false&quot;,&quot;grandconference_ext_is_scrollme&quot;:&quot;false&quot;,&quot;grandconference_ext_is_smoove&quot;:&quot;false&quot;,&quot;grandconference_ext_is_parallax_mouse&quot;:&quot;false&quot;,&quot;grandconference_ext_is_infinite&quot;:&quot;false&quot;,&quot;grandconference_ext_is_fadeout_animation&quot;:&quot;false&quot;}\" data-widget_type=\"divider.default\">\n\t\t\t\t<div class=\"elementor-widget-container\">\n\t\t\t\t\t\t\t<div class=\"elementor-divider\">\n\t\t\t<span class=\"elementor-divider-separator\">\n\t\t\t\t\t\t<\/span>\n\t\t<\/div>\n\t\t\t\t\t\t<\/div>\n\t\t\t\t<\/div>\n\t\t\t\t<div class=\"elementor-element elementor-element-745db2d elementor-widget elementor-widget-spacer\" data-id=\"745db2d\" data-element_type=\"widget\" data-e-type=\"widget\" data-settings=\"{&quot;grandconference_ext_link_sidemenu&quot;:&quot;false&quot;,&quot;grandconference_ext_link_fullmenu&quot;:&quot;false&quot;,&quot;grandconference_ext_is_sticky&quot;:&quot;false&quot;,&quot;grandconference_ext_is_scrollme&quot;:&quot;false&quot;,&quot;grandconference_ext_is_smoove&quot;:&quot;false&quot;,&quot;grandconference_ext_is_parallax_mouse&quot;:&quot;false&quot;,&quot;grandconference_ext_is_infinite&quot;:&quot;false&quot;,&quot;grandconference_ext_is_fadeout_animation&quot;:&quot;false&quot;}\" data-widget_type=\"spacer.default\">\n\t\t\t\t<div class=\"elementor-widget-container\">\n\t\t\t\t\t\t\t<div class=\"elementor-spacer\">\n\t\t\t<div class=\"elementor-spacer-inner\"><\/div>\n\t\t<\/div>\n\t\t\t\t\t\t<\/div>\n\t\t\t\t<\/div>\n\t\t\t\t\t<\/div>\n\t\t<\/div>\n\t\t\t\t\t<\/div>\n\t\t<\/section>\n\t\t\t\t<\/div>\n\t\t","protected":false},"excerpt":{"rendered":"<p>Honores | Epifania G\u00f3mez Torales Epifania G\u00f3mez Torales es Licenciada en Bibliotecolog\u00eda de la Universidad Nacional de Asunci\u00f3n y Especializaci\u00f3n bibliotecaria medica en San Pablo, Brasil. Ocupo en 1989 el cargo director de la Biblioteca Nacional de Salud del Ministerio [&hellip;]<\/p>\n","protected":false},"author":3,"featured_media":0,"parent":8907,"menu_order":0,"comment_status":"closed","ping_status":"closed","template":"","meta":{"_monsterinsights_skip_tracking":false,"_monsterinsights_sitenote_active":false,"_monsterinsights_sitenote_note":"","_monsterinsights_sitenote_category":0,"footnotes":"","_links_to":"","_links_to_target":""},"class_list":["post-11192","page","type-page","status-publish","hentry"],"_links":{"self":[{"href":"https:\/\/25.scielo.org\/en\/wp-json\/wp\/v2\/pages\/11192","targetHints":{"allow":["GET"]}}],"collection":[{"href":"https:\/\/25.scielo.org\/en\/wp-json\/wp\/v2\/pages"}],"about":[{"href":"https:\/\/25.scielo.org\/en\/wp-json\/wp\/v2\/types\/page"}],"author":[{"embeddable":true,"href":"https:\/\/25.scielo.org\/en\/wp-json\/wp\/v2\/users\/3"}],"replies":[{"embeddable":true,"href":"https:\/\/25.scielo.org\/en\/wp-json\/wp\/v2\/comments?post=11192"}],"version-history":[{"count":1,"href":"https:\/\/25.scielo.org\/en\/wp-json\/wp\/v2\/pages\/11192\/revisions"}],"predecessor-version":[{"id":11194,"href":"https:\/\/25.scielo.org\/en\/wp-json\/wp\/v2\/pages\/11192\/revisions\/11194"}],"up":[{"embeddable":true,"href":"https:\/\/25.scielo.org\/en\/wp-json\/wp\/v2\/pages\/8907"}],"wp:attachment":[{"href":"https:\/\/25.scielo.org\/en\/wp-json\/wp\/v2\/media?parent=11192"}],"curies":[{"name":"wp","href":"https:\/\/api.w.org\/{rel}","templated":true}]}}