{"id":10989,"date":"2023-09-13T15:10:43","date_gmt":"2023-09-13T18:10:43","guid":{"rendered":"https:\/\/25.scielo.org\/tribute\/hooman-momen\/"},"modified":"2023-09-13T15:13:22","modified_gmt":"2023-09-13T18:13:22","slug":"hooman-momen","status":"publish","type":"page","link":"https:\/\/25.scielo.org\/en\/tribute\/hooman-momen\/","title":{"rendered":"Hooman Momen"},"content":{"rendered":"\t\t<div data-elementor-type=\"wp-page\" data-elementor-id=\"10989\" class=\"elementor elementor-10989 elementor-10980\" data-elementor-post-type=\"page\">\n\t\t\t\t\t\t<section class=\"elementor-section elementor-top-section elementor-element elementor-element-3cca9bd elementor-section-full_width elementor-section-height-default elementor-section-height-default\" data-id=\"3cca9bd\" data-element_type=\"section\" data-e-type=\"section\" data-settings=\"{&quot;grandconference_ext_is_background_parallax&quot;:&quot;false&quot;,&quot;grandconference_ext_is_background_on_scroll&quot;:&quot;false&quot;}\">\n\t\t\t\t\t\t<div class=\"elementor-container elementor-column-gap-default\">\n\t\t\t\t\t<div class=\"elementor-column elementor-col-100 elementor-top-column elementor-element elementor-element-b671441\" data-id=\"b671441\" data-element_type=\"column\" data-e-type=\"column\" data-settings=\"{&quot;grandconference_ext_link_sidemenu&quot;:&quot;false&quot;,&quot;grandconference_ext_link_fullmenu&quot;:&quot;false&quot;,&quot;grandconference_ext_is_sticky&quot;:&quot;false&quot;,&quot;grandconference_ext_is_scrollme&quot;:&quot;false&quot;,&quot;grandconference_ext_is_smoove&quot;:&quot;false&quot;,&quot;grandconference_ext_is_parallax_mouse&quot;:&quot;false&quot;,&quot;grandconference_ext_is_infinite&quot;:&quot;false&quot;,&quot;grandconference_ext_is_fadeout_animation&quot;:&quot;false&quot;}\">\n\t\t\t<div class=\"elementor-widget-wrap elementor-element-populated\">\n\t\t\t\t\t\t<div class=\"elementor-element elementor-element-90e7123 elementor-widget-divider--view-line_text elementor-widget-divider--element-align-center elementor-widget elementor-widget-divider\" data-id=\"90e7123\" data-element_type=\"widget\" data-e-type=\"widget\" data-settings=\"{&quot;grandconference_ext_link_sidemenu&quot;:&quot;false&quot;,&quot;grandconference_ext_link_fullmenu&quot;:&quot;false&quot;,&quot;grandconference_ext_is_sticky&quot;:&quot;false&quot;,&quot;grandconference_ext_is_scrollme&quot;:&quot;false&quot;,&quot;grandconference_ext_is_smoove&quot;:&quot;false&quot;,&quot;grandconference_ext_is_parallax_mouse&quot;:&quot;false&quot;,&quot;grandconference_ext_is_infinite&quot;:&quot;false&quot;,&quot;grandconference_ext_is_fadeout_animation&quot;:&quot;false&quot;}\" data-widget_type=\"divider.default\">\n\t\t\t\t<div class=\"elementor-widget-container\">\n\t\t\t\t\t\t\t<div class=\"elementor-divider\">\n\t\t\t<span class=\"elementor-divider-separator\">\n\t\t\t\t\t\t\t<p class=\"elementor-divider__text elementor-divider__element\">\n\t\t\t\tHomenagens | Hooman Momen\t\t\t\t<\/p>\n\t\t\t\t\t\t<\/span>\n\t\t<\/div>\n\t\t\t\t\t\t<\/div>\n\t\t\t\t<\/div>\n\t\t\t\t<div class=\"elementor-element elementor-element-3a88be3 elementor-widget elementor-widget-text-editor\" data-id=\"3a88be3\" data-element_type=\"widget\" data-e-type=\"widget\" data-settings=\"{&quot;grandconference_ext_link_sidemenu&quot;:&quot;false&quot;,&quot;grandconference_ext_link_fullmenu&quot;:&quot;false&quot;,&quot;grandconference_ext_is_sticky&quot;:&quot;false&quot;,&quot;grandconference_ext_is_scrollme&quot;:&quot;false&quot;,&quot;grandconference_ext_is_smoove&quot;:&quot;false&quot;,&quot;grandconference_ext_is_parallax_mouse&quot;:&quot;false&quot;,&quot;grandconference_ext_is_infinite&quot;:&quot;false&quot;,&quot;grandconference_ext_is_fadeout_animation&quot;:&quot;false&quot;}\" data-widget_type=\"text-editor.default\">\n\t\t\t\t<div class=\"elementor-widget-container\">\n\t\t\t\t\t\t\t\t\t<p><a href=\"https:\/\/25.scielo.org\/wp-content\/uploads\/2023\/09\/Hooman-Momen.jpg\" target=\"_blank\" rel=\"noopener\"><img fetchpriority=\"high\" decoding=\"async\" class=\"alignleft wp-image-10983 size-full\" title=\"Hooman Momen\" src=\"https:\/\/25.scielo.org\/wp-content\/uploads\/2023\/09\/Hooman-Momen.jpg\" alt=\"Hooman Momen\" width=\"300\" height=\"300\" \/><\/a>Hooman Momen foi convidado por Abel Packer, ent\u00e3o Diretor da BIREME, para integrar as\u00a0<em>Mem\u00f3rias do Instituto Oswaldo Cruz<\/em>\u00a0no piloto original do SciELO, por volta de 1997. Ficou entusiasmado em aderir a este projeto que proporcionaria uma presen\u00e7a online mais completa e maior visibilidade para o peri\u00f3dico. Em 2001, foi nomeado editor do\u00a0<em>Bulletin of the World Health Organization<\/em>, e este tamb\u00e9m foi incorporado ao SciELO. Desde ent\u00e3o, Momen vem acompanhado com admira\u00e7\u00e3o o desenvolvimento e o progresso da rede SciELO sob a lideran\u00e7a de Abel Packer e da equipe SciELO. \u201c<em>Em um mundo onde os publishers comerciais sequestraram o acesso aberto como outro caminho para lucros exorbitantes, o programa SciELO permaneceu fiel ao seu objetivo original de fornecer informa\u00e7\u00f5es de qualidade dispon\u00edveis gratuitamente para todos<\/em>.&#8221;<\/p><p>Nascido no Ir\u00e3 e educado na Inglaterra, Momen se graduou em bioqu\u00edmica na <em>University College London <\/em>(1973. Obteve seu doutorado na <em>Liverpool School of Tropical Medicine<\/em> (1976).<\/p><p>A seguir, trabalhou no Instituto Oswaldo Cruz (Fiocruz) no Rio de Janeiro, Brasil (1977-2001). Na Fiocruz, exerceu diversos cargos, incluindo chefe do Laborat\u00f3rio de Bioqu\u00edmica sistem\u00e1tica, chefe do Departamento de Bioqu\u00edmica e Biologia Molecular, vice-diretor de pesquisa do Instituto Oswaldo Cruz, coordenador do programa de p\u00f3s-gradua\u00e7\u00e3o em biologia e Editor-Chefe do peri\u00f3dico Mem\u00f3rias do Instituto Oswaldo Cruz.<\/p><p>Entre 2001 e 2014, esteve em licen\u00e7a na Organiza\u00e7\u00e3o Mundial da Sa\u00fade, em Genebra, Su\u00ed\u00e7a, como Editor-Chefe do peri\u00f3dico <em>Bulletin of the World Health Organization<\/em>, Coordenador da <em>WHO Press<\/em> e Coordenador Especial para a promo\u00e7\u00e3o do multilinguismo na OMS.<\/p><p>Seus interesses em pesquisa abordam enfermidades parasit\u00e1rias, biologia celular e molecular e editora\u00e7\u00e3o de peri\u00f3dicos cient\u00edficos. Momen publicou mais de 100 artigos em peri\u00f3dicos especializados, cap\u00edtulos de livros e trabalhos em congressos. Orientou sete alunos em disserta\u00e7\u00f5es de mestrado e quatro de doutorado.<\/p><p>Hooman Momen foi agraciado com a Medalha do Centen\u00e1rio do Instituto &#8211; Um s\u00e9culo de Ci\u00eancia, Instituto Oswaldo Cruz, Fiocruz (2000); recebeu o Pr\u00eamio Samuel Pessoa da Sociedade Brasileira de Parasitologia (1991), tornou-se <em>Fellow<\/em> da <em>Royal Society of Tropical Medicine &amp; Hygiene<\/em> (1987), entre outras distin\u00e7\u00f5es.<\/p>\t\t\t\t\t\t\t\t<\/div>\n\t\t\t\t<\/div>\n\t\t\t\t<div class=\"elementor-element elementor-element-94d9d07 elementor-widget-divider--view-line elementor-widget elementor-widget-divider\" data-id=\"94d9d07\" data-element_type=\"widget\" data-e-type=\"widget\" data-settings=\"{&quot;grandconference_ext_link_sidemenu&quot;:&quot;false&quot;,&quot;grandconference_ext_link_fullmenu&quot;:&quot;false&quot;,&quot;grandconference_ext_is_sticky&quot;:&quot;false&quot;,&quot;grandconference_ext_is_scrollme&quot;:&quot;false&quot;,&quot;grandconference_ext_is_smoove&quot;:&quot;false&quot;,&quot;grandconference_ext_is_parallax_mouse&quot;:&quot;false&quot;,&quot;grandconference_ext_is_infinite&quot;:&quot;false&quot;,&quot;grandconference_ext_is_fadeout_animation&quot;:&quot;false&quot;}\" data-widget_type=\"divider.default\">\n\t\t\t\t<div class=\"elementor-widget-container\">\n\t\t\t\t\t\t\t<div class=\"elementor-divider\">\n\t\t\t<span class=\"elementor-divider-separator\">\n\t\t\t\t\t\t<\/span>\n\t\t<\/div>\n\t\t\t\t\t\t<\/div>\n\t\t\t\t<\/div>\n\t\t\t\t<div class=\"elementor-element elementor-element-0f92034 elementor-widget elementor-widget-spacer\" data-id=\"0f92034\" data-element_type=\"widget\" data-e-type=\"widget\" data-settings=\"{&quot;grandconference_ext_link_sidemenu&quot;:&quot;false&quot;,&quot;grandconference_ext_link_fullmenu&quot;:&quot;false&quot;,&quot;grandconference_ext_is_sticky&quot;:&quot;false&quot;,&quot;grandconference_ext_is_scrollme&quot;:&quot;false&quot;,&quot;grandconference_ext_is_smoove&quot;:&quot;false&quot;,&quot;grandconference_ext_is_parallax_mouse&quot;:&quot;false&quot;,&quot;grandconference_ext_is_infinite&quot;:&quot;false&quot;,&quot;grandconference_ext_is_fadeout_animation&quot;:&quot;false&quot;}\" data-widget_type=\"spacer.default\">\n\t\t\t\t<div class=\"elementor-widget-container\">\n\t\t\t\t\t\t\t<div class=\"elementor-spacer\">\n\t\t\t<div class=\"elementor-spacer-inner\"><\/div>\n\t\t<\/div>\n\t\t\t\t\t\t<\/div>\n\t\t\t\t<\/div>\n\t\t\t\t\t<\/div>\n\t\t<\/div>\n\t\t\t\t\t<\/div>\n\t\t<\/section>\n\t\t\t\t<\/div>\n\t\t","protected":false},"excerpt":{"rendered":"<p>Homenagens | Hooman Momen Hooman Momen foi convidado por Abel Packer, ent\u00e3o Diretor da BIREME, para integrar as\u00a0Mem\u00f3rias do Instituto Oswaldo Cruz\u00a0no piloto original do SciELO, por volta de 1997. Ficou entusiasmado em aderir a este projeto que proporcionaria uma [&hellip;]<\/p>\n","protected":false},"author":3,"featured_media":0,"parent":8907,"menu_order":0,"comment_status":"closed","ping_status":"closed","template":"","meta":{"_monsterinsights_skip_tracking":false,"_monsterinsights_sitenote_active":false,"_monsterinsights_sitenote_note":"","_monsterinsights_sitenote_category":0,"footnotes":"","_links_to":"","_links_to_target":""},"class_list":["post-10989","page","type-page","status-publish","hentry"],"_links":{"self":[{"href":"https:\/\/25.scielo.org\/en\/wp-json\/wp\/v2\/pages\/10989","targetHints":{"allow":["GET"]}}],"collection":[{"href":"https:\/\/25.scielo.org\/en\/wp-json\/wp\/v2\/pages"}],"about":[{"href":"https:\/\/25.scielo.org\/en\/wp-json\/wp\/v2\/types\/page"}],"author":[{"embeddable":true,"href":"https:\/\/25.scielo.org\/en\/wp-json\/wp\/v2\/users\/3"}],"replies":[{"embeddable":true,"href":"https:\/\/25.scielo.org\/en\/wp-json\/wp\/v2\/comments?post=10989"}],"version-history":[{"count":1,"href":"https:\/\/25.scielo.org\/en\/wp-json\/wp\/v2\/pages\/10989\/revisions"}],"predecessor-version":[{"id":10992,"href":"https:\/\/25.scielo.org\/en\/wp-json\/wp\/v2\/pages\/10989\/revisions\/10992"}],"up":[{"embeddable":true,"href":"https:\/\/25.scielo.org\/en\/wp-json\/wp\/v2\/pages\/8907"}],"wp:attachment":[{"href":"https:\/\/25.scielo.org\/en\/wp-json\/wp\/v2\/media?parent=10989"}],"curies":[{"name":"wp","href":"https:\/\/api.w.org\/{rel}","templated":true}]}}