{"id":10915,"date":"2023-09-13T13:20:42","date_gmt":"2023-09-13T16:20:42","guid":{"rendered":"https:\/\/25.scielo.org\/tribute\/lautaro-julian-matas\/"},"modified":"2023-09-13T14:29:52","modified_gmt":"2023-09-13T17:29:52","slug":"lautaro-julian-matas","status":"publish","type":"page","link":"https:\/\/25.scielo.org\/en\/tribute\/lautaro-julian-matas\/","title":{"rendered":"Lautaro Juli\u00e1n Matas"},"content":{"rendered":"\t\t<div data-elementor-type=\"wp-page\" data-elementor-id=\"10915\" class=\"elementor elementor-10915 elementor-10868\" data-elementor-post-type=\"page\">\n\t\t\t\t\t\t<section class=\"elementor-section elementor-top-section elementor-element elementor-element-6df540e elementor-section-full_width elementor-section-height-default elementor-section-height-default\" data-id=\"6df540e\" data-element_type=\"section\" data-e-type=\"section\" data-settings=\"{&quot;grandconference_ext_is_background_parallax&quot;:&quot;false&quot;,&quot;grandconference_ext_is_background_on_scroll&quot;:&quot;false&quot;}\">\n\t\t\t\t\t\t<div class=\"elementor-container elementor-column-gap-default\">\n\t\t\t\t\t<div class=\"elementor-column elementor-col-100 elementor-top-column elementor-element elementor-element-d8c1374\" data-id=\"d8c1374\" data-element_type=\"column\" data-e-type=\"column\" data-settings=\"{&quot;grandconference_ext_link_sidemenu&quot;:&quot;false&quot;,&quot;grandconference_ext_link_fullmenu&quot;:&quot;false&quot;,&quot;grandconference_ext_is_sticky&quot;:&quot;false&quot;,&quot;grandconference_ext_is_scrollme&quot;:&quot;false&quot;,&quot;grandconference_ext_is_smoove&quot;:&quot;false&quot;,&quot;grandconference_ext_is_parallax_mouse&quot;:&quot;false&quot;,&quot;grandconference_ext_is_infinite&quot;:&quot;false&quot;,&quot;grandconference_ext_is_fadeout_animation&quot;:&quot;false&quot;}\">\n\t\t\t<div class=\"elementor-widget-wrap elementor-element-populated\">\n\t\t\t\t\t\t<div class=\"elementor-element elementor-element-b1e60a0 elementor-widget-divider--view-line_text elementor-widget-divider--element-align-center elementor-widget elementor-widget-divider\" data-id=\"b1e60a0\" data-element_type=\"widget\" data-e-type=\"widget\" data-settings=\"{&quot;grandconference_ext_link_sidemenu&quot;:&quot;false&quot;,&quot;grandconference_ext_link_fullmenu&quot;:&quot;false&quot;,&quot;grandconference_ext_is_sticky&quot;:&quot;false&quot;,&quot;grandconference_ext_is_scrollme&quot;:&quot;false&quot;,&quot;grandconference_ext_is_smoove&quot;:&quot;false&quot;,&quot;grandconference_ext_is_parallax_mouse&quot;:&quot;false&quot;,&quot;grandconference_ext_is_infinite&quot;:&quot;false&quot;,&quot;grandconference_ext_is_fadeout_animation&quot;:&quot;false&quot;}\" data-widget_type=\"divider.default\">\n\t\t\t\t<div class=\"elementor-widget-container\">\n\t\t\t\t\t\t\t<div class=\"elementor-divider\">\n\t\t\t<span class=\"elementor-divider-separator\">\n\t\t\t\t\t\t\t<p class=\"elementor-divider__text elementor-divider__element\">\n\t\t\t\tHonores | Lautaro Juli\u00e1n Matas\t\t\t\t<\/p>\n\t\t\t\t\t\t<\/span>\n\t\t<\/div>\n\t\t\t\t\t\t<\/div>\n\t\t\t\t<\/div>\n\t\t\t\t<div class=\"elementor-element elementor-element-d3f8597 elementor-widget elementor-widget-text-editor\" data-id=\"d3f8597\" data-element_type=\"widget\" data-e-type=\"widget\" data-settings=\"{&quot;grandconference_ext_link_sidemenu&quot;:&quot;false&quot;,&quot;grandconference_ext_link_fullmenu&quot;:&quot;false&quot;,&quot;grandconference_ext_is_sticky&quot;:&quot;false&quot;,&quot;grandconference_ext_is_scrollme&quot;:&quot;false&quot;,&quot;grandconference_ext_is_smoove&quot;:&quot;false&quot;,&quot;grandconference_ext_is_parallax_mouse&quot;:&quot;false&quot;,&quot;grandconference_ext_is_infinite&quot;:&quot;false&quot;,&quot;grandconference_ext_is_fadeout_animation&quot;:&quot;false&quot;}\" data-widget_type=\"text-editor.default\">\n\t\t\t\t<div class=\"elementor-widget-container\">\n\t\t\t\t\t\t\t\t\t<p><a href=\"https:\/\/25.scielo.org\/wp-content\/uploads\/2023\/09\/lautaro-matas.png\" target=\"_blank\" rel=\"noopener\"><img fetchpriority=\"high\" decoding=\"async\" class=\"alignleft wp-image-10871 size-full\" title=\"Lautaro Juli\u00e1n Matas\" src=\"https:\/\/25.scielo.org\/wp-content\/uploads\/2023\/09\/lautaro-matas.png\" alt=\"Lautaro Juli\u00e1n Matas\" width=\"300\" height=\"300\" \/><\/a>Lautaro Juli\u00e1n Matas estudi\u00f3 Ciencias de la Computaci\u00f3n en la Facultad de Ciencias Exactas y Naturales de la Universidad de Buenos Aires. Actualmente es Secretario Ejecutivo y T\u00e9cnico de la Red Latinoamericana de Repositorios de Ciencia Abierta \u2013 LA Referencia.<\/p><p>Entre los a\u00f1os 2005 y 2007 se desempe\u00f1\u00f3 como el primer Coordinador de SciELO Argentina siendo el responsable del desarrollo y lanzamiento para la puesta en l\u00ednea de la colecci\u00f3n nacional en el a\u00f1o 2005 y logrando junto a su equipo de trabajo la Certificaci\u00f3n oficial del sitio en el a\u00f1o 2006.<\/p><p>Entre 2003 y 2019 form\u00f3 parte del equipo t\u00e9cnico Red Iberoamericana de Indicadores de Ciencia y Tecnolog\u00eda (RICYT), coordinando el desarrollo de herramientas de recolecci\u00f3n, procesamiento y publicaci\u00f3n de indicadores de Ciencia, Tecnolog\u00eda e Innovaci\u00f3n. Entre 2009 y 2019, fue parte del equipo t\u00e9cnico del Observatorio Iberoamericano de la Ciencia, la Tecnolog\u00eda y la Sociedad (CAEU\/OEI), actuando como Coordinador\/Desarrollador del portal Intelligo. Entre los a\u00f1os 2005 y 2011, se desempe\u00f1\u00f3 en el Centro Argentino de Informaci\u00f3n Cient\u00edfica y Tecnol\u00f3gica (CAICYT-CONICET) al frente del proyecto SciELO Argentina y en desarrollo de software para \u00e1rea de patentes e inteligencia estrat\u00e9gica.\u00a0En 2013 fue seleccionado como consultor\/desarrollador del piloto de software de cosecha del proyecto BID que dio origen a la plataforma tecnol\u00f3gica LA Referencia, ejecutado por la Cooperaci\u00f3n Latino Americana de Redes Avanzadas (CLARA) y los organismos de Ciencia y Tecnolog\u00eda nacionales asociados al proyecto.<\/p>\t\t\t\t\t\t\t\t<\/div>\n\t\t\t\t<\/div>\n\t\t\t\t<div class=\"elementor-element elementor-element-ee470f1 elementor-widget-divider--view-line elementor-widget elementor-widget-divider\" data-id=\"ee470f1\" data-element_type=\"widget\" data-e-type=\"widget\" data-settings=\"{&quot;grandconference_ext_link_sidemenu&quot;:&quot;false&quot;,&quot;grandconference_ext_link_fullmenu&quot;:&quot;false&quot;,&quot;grandconference_ext_is_sticky&quot;:&quot;false&quot;,&quot;grandconference_ext_is_scrollme&quot;:&quot;false&quot;,&quot;grandconference_ext_is_smoove&quot;:&quot;false&quot;,&quot;grandconference_ext_is_parallax_mouse&quot;:&quot;false&quot;,&quot;grandconference_ext_is_infinite&quot;:&quot;false&quot;,&quot;grandconference_ext_is_fadeout_animation&quot;:&quot;false&quot;}\" data-widget_type=\"divider.default\">\n\t\t\t\t<div class=\"elementor-widget-container\">\n\t\t\t\t\t\t\t<div class=\"elementor-divider\">\n\t\t\t<span class=\"elementor-divider-separator\">\n\t\t\t\t\t\t<\/span>\n\t\t<\/div>\n\t\t\t\t\t\t<\/div>\n\t\t\t\t<\/div>\n\t\t\t\t<div class=\"elementor-element elementor-element-458ab6f elementor-widget elementor-widget-spacer\" data-id=\"458ab6f\" data-element_type=\"widget\" data-e-type=\"widget\" data-settings=\"{&quot;grandconference_ext_link_sidemenu&quot;:&quot;false&quot;,&quot;grandconference_ext_link_fullmenu&quot;:&quot;false&quot;,&quot;grandconference_ext_is_sticky&quot;:&quot;false&quot;,&quot;grandconference_ext_is_scrollme&quot;:&quot;false&quot;,&quot;grandconference_ext_is_smoove&quot;:&quot;false&quot;,&quot;grandconference_ext_is_parallax_mouse&quot;:&quot;false&quot;,&quot;grandconference_ext_is_infinite&quot;:&quot;false&quot;,&quot;grandconference_ext_is_fadeout_animation&quot;:&quot;false&quot;}\" data-widget_type=\"spacer.default\">\n\t\t\t\t<div class=\"elementor-widget-container\">\n\t\t\t\t\t\t\t<div class=\"elementor-spacer\">\n\t\t\t<div class=\"elementor-spacer-inner\"><\/div>\n\t\t<\/div>\n\t\t\t\t\t\t<\/div>\n\t\t\t\t<\/div>\n\t\t\t\t\t<\/div>\n\t\t<\/div>\n\t\t\t\t\t<\/div>\n\t\t<\/section>\n\t\t\t\t<\/div>\n\t\t","protected":false},"excerpt":{"rendered":"<p>Honores | Lautaro Juli\u00e1n Matas Lautaro Juli\u00e1n Matas estudi\u00f3 Ciencias de la Computaci\u00f3n en la Facultad de Ciencias Exactas y Naturales de la Universidad de Buenos Aires. Actualmente es Secretario Ejecutivo y T\u00e9cnico de la Red Latinoamericana de Repositorios de [&hellip;]<\/p>\n","protected":false},"author":3,"featured_media":0,"parent":8907,"menu_order":0,"comment_status":"closed","ping_status":"closed","template":"","meta":{"_monsterinsights_skip_tracking":false,"_monsterinsights_sitenote_active":false,"_monsterinsights_sitenote_note":"","_monsterinsights_sitenote_category":0,"footnotes":"","_links_to":"","_links_to_target":""},"class_list":["post-10915","page","type-page","status-publish","hentry"],"_links":{"self":[{"href":"https:\/\/25.scielo.org\/en\/wp-json\/wp\/v2\/pages\/10915","targetHints":{"allow":["GET"]}}],"collection":[{"href":"https:\/\/25.scielo.org\/en\/wp-json\/wp\/v2\/pages"}],"about":[{"href":"https:\/\/25.scielo.org\/en\/wp-json\/wp\/v2\/types\/page"}],"author":[{"embeddable":true,"href":"https:\/\/25.scielo.org\/en\/wp-json\/wp\/v2\/users\/3"}],"replies":[{"embeddable":true,"href":"https:\/\/25.scielo.org\/en\/wp-json\/wp\/v2\/comments?post=10915"}],"version-history":[{"count":1,"href":"https:\/\/25.scielo.org\/en\/wp-json\/wp\/v2\/pages\/10915\/revisions"}],"predecessor-version":[{"id":10918,"href":"https:\/\/25.scielo.org\/en\/wp-json\/wp\/v2\/pages\/10915\/revisions\/10918"}],"up":[{"embeddable":true,"href":"https:\/\/25.scielo.org\/en\/wp-json\/wp\/v2\/pages\/8907"}],"wp:attachment":[{"href":"https:\/\/25.scielo.org\/en\/wp-json\/wp\/v2\/media?parent=10915"}],"curies":[{"name":"wp","href":"https:\/\/api.w.org\/{rel}","templated":true}]}}